{"id":962,"date":"2025-09-24T16:09:53","date_gmt":"2025-09-24T16:09:53","guid":{"rendered":"https:\/\/pastadiamond.com\/?page_id=962"},"modified":"2025-09-24T22:00:34","modified_gmt":"2025-09-24T22:00:34","slug":"lajme-dhe-evente","status":"publish","type":"page","link":"https:\/\/pastadiamond.com\/en\/rreth-nesh\/lajme-dhe-evente\/","title":{"rendered":"News and events"},"content":{"rendered":"\t\t<div data-elementor-type=\"wp-page\" data-elementor-id=\"962\" class=\"elementor elementor-962\" data-elementor-post-type=\"page\">\n\t\t\t\t<div class=\"elementor-element elementor-element-11be03b e-flex e-con-boxed e-con e-parent\" data-id=\"11be03b\" data-element_type=\"container\" data-e-type=\"container\" data-settings=\"{&quot;background_background&quot;:&quot;classic&quot;}\">\n\t\t\t\t\t<div class=\"e-con-inner\">\n\t\t<div class=\"elementor-element elementor-element-3b612eb e-con-full e-flex e-con e-child\" data-id=\"3b612eb\" data-element_type=\"container\" data-e-type=\"container\">\n\t\t\t\t<div class=\"elementor-element elementor-element-db8327e elementor-absolute elementor-widget elementor-widget-button\" data-id=\"db8327e\" data-element_type=\"widget\" data-e-type=\"widget\" data-settings=\"{&quot;_position&quot;:&quot;absolute&quot;}\" data-widget_type=\"button.default\">\n\t\t\t\t\t\t\t\t\t\t<a class=\"elementor-button elementor-button-link elementor-size-sm\" href=\"https:\/\/pastadiamond.com\/\">\n\t\t\t\t\t\t<span class=\"elementor-button-content-wrapper\">\n\t\t\t\t\t\t<span class=\"elementor-button-icon\">\n\t\t\t\t<svg aria-hidden=\"true\" class=\"e-font-icon-svg e-fas-arrow-left\" viewBox=\"0 0 448 512\" xmlns=\"http:\/\/www.w3.org\/2000\/svg\"><path d=\"M257.5 445.1l-22.2 22.2c-9.4 9.4-24.6 9.4-33.9 0L7 273c-9.4-9.4-9.4-24.6 0-33.9L201.4 44.7c9.4-9.4 24.6-9.4 33.9 0l22.2 22.2c9.5 9.5 9.3 25-.4 34.3L136.6 216H424c13.3 0 24 10.7 24 24v32c0 13.3-10.7 24-24 24H136.6l120.5 114.8c9.8 9.3 10 24.8.4 34.3z\"><\/path><\/svg>\t\t\t<\/span>\n\t\t\t\t\t\t\t\t\t<span class=\"elementor-button-text\">Kreu<\/span>\n\t\t\t\t\t<\/span>\n\t\t\t\t\t<\/a>\n\t\t\t\t\t\t\t\t<\/div>\n\t\t\t\t<div class=\"elementor-element elementor-element-bb6658b elementor-widget elementor-widget-image\" data-id=\"bb6658b\" data-element_type=\"widget\" data-e-type=\"widget\" data-widget_type=\"image.default\">\n\t\t\t\t\t\t\t\t\t\t\t\t\t\t\t<img decoding=\"async\" width=\"252\" height=\"124\" src=\"https:\/\/pastadiamond.com\/wp-content\/uploads\/2025\/09\/miell-diamond-logo.webp\" class=\"attachment-large size-large wp-image-58\" alt=\"\" \/>\t\t\t\t\t\t\t\t\t\t\t\t\t\t\t<\/div>\n\t\t\t\t<div class=\"elementor-element elementor-element-4055b84 elementor-widget elementor-widget-heading\" data-id=\"4055b84\" data-element_type=\"widget\" data-e-type=\"widget\" data-widget_type=\"heading.default\">\n\t\t\t\t\t<h1 class=\"elementor-heading-title elementor-size-default\">Lajme dhe Evente<\/h1>\t\t\t\t<\/div>\n\t\t\t\t<div class=\"elementor-element elementor-element-4420a37 elementor-widget elementor-widget-text-editor\" data-id=\"4420a37\" data-element_type=\"widget\" data-e-type=\"widget\" data-widget_type=\"text-editor.default\">\n\t\t\t\t\t\t\t\t\t<p>T\u00eb gjitha lajmet dhe eventet e Pasta Diamond.<\/p>\t\t\t\t\t\t\t\t<\/div>\n\t\t\t\t<\/div>\n\t\t\t\t\t<\/div>\n\t\t\t\t<\/div>\n\t\t<div class=\"elementor-element elementor-element-afcca7f e-flex e-con-boxed e-con e-parent\" data-id=\"afcca7f\" data-element_type=\"container\" data-e-type=\"container\">\n\t\t\t\t\t<div class=\"e-con-inner\">\n\t\t<div class=\"elementor-element elementor-element-61760e3 e-con-full e-flex e-con e-child\" data-id=\"61760e3\" data-element_type=\"container\" data-e-type=\"container\">\n\t\t<div class=\"elementor-element elementor-element-f3a4767 e-con-full e-flex e-con e-child\" data-id=\"f3a4767\" data-element_type=\"container\" data-e-type=\"container\">\n\t\t\t\t<div class=\"elementor-element elementor-element-4365a3a elementor-widget elementor-widget-heading\" data-id=\"4365a3a\" data-element_type=\"widget\" data-e-type=\"widget\" data-widget_type=\"heading.default\">\n\t\t\t\t\t<p class=\"elementor-heading-title elementor-size-default\">T\u00eb reja<\/p>\t\t\t\t<\/div>\n\t\t\t\t<div class=\"elementor-element elementor-element-551979c elementor-widget elementor-widget-heading\" data-id=\"551979c\" data-element_type=\"widget\" data-e-type=\"widget\" data-widget_type=\"heading.default\">\n\t\t\t\t\t<h2 class=\"elementor-heading-title elementor-size-default\">Lajme dhe Evente<\/h2>\t\t\t\t<\/div>\n\t\t\t\t<\/div>\n\t\t<div class=\"elementor-element elementor-element-e697571 e-con-full e-flex e-con e-child\" data-id=\"e697571\" data-element_type=\"container\" data-e-type=\"container\">\n\t\t\t\t<div class=\"elementor-element elementor-element-3d4a885 elementor-widget elementor-widget-text-editor\" data-id=\"3d4a885\" data-element_type=\"widget\" data-e-type=\"widget\" data-widget_type=\"text-editor.default\">\n\t\t\t\t\t\t\t\t\t<p>Diamond \u00ebsht\u00eb aktive n\u00eb shum\u00eb veprimtari dhe evente t\u00eb ndryshme komb\u00ebtare dhe nd\u00ebrkomb\u00ebtare. K\u00ebtu mund t\u00eb ndiqni aktivitetet tona m\u00eb t\u00eb fundit, dhe lajmet e tjera n\u00eb lidhje me kompanin\u00eb<\/p>\t\t\t\t\t\t\t\t<\/div>\n\t\t\t\t<\/div>\n\t\t\t\t<\/div>\n\t\t\t\t<div class=\"elementor-element elementor-element-258a22d elementor-grid-3 elementor-grid-tablet-2 elementor-grid-mobile-1 elementor-widget elementor-widget-loop-grid\" data-id=\"258a22d\" data-element_type=\"widget\" data-e-type=\"widget\" data-settings=\"{&quot;template_id&quot;:948,&quot;columns&quot;:3,&quot;_skin&quot;:&quot;post&quot;,&quot;columns_tablet&quot;:&quot;2&quot;,&quot;columns_mobile&quot;:&quot;1&quot;,&quot;edit_handle_selector&quot;:&quot;[data-elementor-type=\\&quot;loop-item\\&quot;]&quot;,&quot;row_gap&quot;:{&quot;unit&quot;:&quot;px&quot;,&quot;size&quot;:&quot;&quot;,&quot;sizes&quot;:[]},&quot;row_gap_tablet&quot;:{&quot;unit&quot;:&quot;px&quot;,&quot;size&quot;:&quot;&quot;,&quot;sizes&quot;:[]},&quot;row_gap_mobile&quot;:{&quot;unit&quot;:&quot;px&quot;,&quot;size&quot;:&quot;&quot;,&quot;sizes&quot;:[]}}\" data-widget_type=\"loop-grid.post\">\n\t\t\t\t<div class=\"elementor-widget-container\">\n\t\t\t\t\t\t\t<div class=\"elementor-loop-container elementor-grid\" role=\"list\">\n\t\t<style id=\"loop-948\">.elementor-948 .elementor-element.elementor-element-3ba3e5e{--display:flex;--gap:10px 10px;--row-gap:10px;--column-gap:10px;--padding-top:0px;--padding-bottom:0px;--padding-left:0px;--padding-right:0px;}.elementor-widget-theme-post-featured-image .widget-image-caption{color:var( --e-global-color-text );font-family:var( --e-global-typography-text-font-family ), Sans-serif;font-weight:var( --e-global-typography-text-font-weight );}.elementor-948 .elementor-element.elementor-element-4f0b577 img{width:100%;height:250px;object-fit:cover;object-position:center center;border-radius:20px 20px 20px 20px;}.elementor-948 .elementor-element.elementor-element-4f0b577{border-radius:20px 20px 20px 20px;}.elementor-widget-heading .elementor-heading-title{font-family:var( --e-global-typography-primary-font-family ), Sans-serif;font-weight:var( --e-global-typography-primary-font-weight );color:var( --e-global-color-primary );}.elementor-948 .elementor-element.elementor-element-faaa0b0{text-align:start;margin:10px 0px calc(var(--kit-widget-spacing, 0px) + 0px) 0px;}.elementor-948 .elementor-element.elementor-element-faaa0b0 .elementor-heading-title{font-family:\"Figtree\", Sans-serif;font-size:16px;font-weight:700;line-height:1.5em;letter-spacing:0px;color:var( --e-global-color-secondary );}.elementor-widget-theme-post-title .elementor-heading-title{font-family:var( --e-global-typography-primary-font-family ), Sans-serif;font-weight:var( --e-global-typography-primary-font-weight );color:var( --e-global-color-primary );}.elementor-948 .elementor-element.elementor-element-b42c054{text-align:start;padding:0px 0px 0px 0px;}.elementor-948 .elementor-element.elementor-element-b42c054 .elementor-heading-title{font-family:\"DM Sans\", Sans-serif;font-size:25px;font-weight:500;letter-spacing:-1.5px;color:#000000;}.elementor-widget-theme-post-excerpt{font-family:var( --e-global-typography-text-font-family ), Sans-serif;font-weight:var( --e-global-typography-text-font-weight );color:var( --e-global-color-text );}\/* Start custom CSS for theme-post-featured-image, class: .elementor-element-4f0b577 *\/.elementor-948 .elementor-element.elementor-element-4f0b577 a{\n    width: 100%;\n}\/* End custom CSS *\/<\/style>\t\t<div data-elementor-type=\"loop-item\" data-elementor-id=\"948\" class=\"elementor elementor-948 e-loop-item e-loop-item-1725 post-1725 post type-post status-publish format-standard has-post-thumbnail hentry category-uncategorized\" data-elementor-post-type=\"elementor_library\" data-custom-edit-handle=\"1\">\n\t\t\t<div class=\"elementor-element elementor-element-3ba3e5e diamond-card e-flex e-con-boxed e-con e-parent\" data-id=\"3ba3e5e\" data-element_type=\"container\" data-e-type=\"container\">\n\t\t\t\t\t<div class=\"e-con-inner\">\n\t\t\t\t<div class=\"elementor-element elementor-element-4f0b577 image-cont elementor-widget elementor-widget-theme-post-featured-image elementor-widget-image\" data-id=\"4f0b577\" data-element_type=\"widget\" data-e-type=\"widget\" data-widget_type=\"theme-post-featured-image.default\">\n\t\t\t\t\t\t\t\t\t\t\t\t\t\t\t\t<a href=\"https:\/\/pastadiamond.com\/en\/pasta-diamond-do-te-marre-pjese-ne-plma-amsterdam-2025\/\">\n\t\t\t\t\t\t\t<img fetchpriority=\"high\" decoding=\"async\" width=\"800\" height=\"800\" src=\"https:\/\/pastadiamond.com\/wp-content\/uploads\/2025\/09\/1747725316498-1.webp\" class=\"attachment-large size-large wp-image-1727\" alt=\"\" srcset=\"https:\/\/pastadiamond.com\/wp-content\/uploads\/2025\/09\/1747725316498-1.webp 800w, https:\/\/pastadiamond.com\/wp-content\/uploads\/2025\/09\/1747725316498-1-300x300.webp 300w, https:\/\/pastadiamond.com\/wp-content\/uploads\/2025\/09\/1747725316498-1-150x150.webp 150w, https:\/\/pastadiamond.com\/wp-content\/uploads\/2025\/09\/1747725316498-1-768x768.webp 768w, https:\/\/pastadiamond.com\/wp-content\/uploads\/2025\/09\/1747725316498-1-12x12.webp 12w\" sizes=\"(max-width: 800px) 100vw, 800px\" \/>\t\t\t\t\t\t\t\t<\/a>\n\t\t\t\t\t\t\t\t\t\t\t\t\t\t\t<\/div>\n\t\t\t\t<div class=\"elementor-element elementor-element-faaa0b0 elementor-widget elementor-widget-heading\" data-id=\"faaa0b0\" data-element_type=\"widget\" data-e-type=\"widget\" data-widget_type=\"heading.default\">\n\t\t\t\t\t<p class=\"elementor-heading-title elementor-size-default\">April 20, 2025<\/p>\t\t\t\t<\/div>\n\t\t\t\t<div class=\"elementor-element elementor-element-b42c054 elementor-widget elementor-widget-theme-post-title elementor-page-title elementor-widget-heading\" data-id=\"b42c054\" data-element_type=\"widget\" data-e-type=\"widget\" data-widget_type=\"theme-post-title.default\">\n\t\t\t\t\t<h1 class=\"elementor-heading-title elementor-size-default\"><a href=\"https:\/\/pastadiamond.com\/en\/pasta-diamond-do-te-marre-pjese-ne-plma-amsterdam-2025\/\">Pasta Diamond do t\u00eb marr\u00eb pjes\u00eb n\u00eb PLMA Amsterdam 2025<\/a><\/h1>\t\t\t\t<\/div>\n\t\t\t\t<div class=\"elementor-element elementor-element-c6b23dc elementor-widget elementor-widget-theme-post-excerpt\" data-id=\"c6b23dc\" data-element_type=\"widget\" data-e-type=\"widget\" data-widget_type=\"theme-post-excerpt.default\">\n\t\t\t\t\tFabrika Pasta Diamond do t\u00eb marr\u00eb pjes\u00eb n\u00eb PLMA Amsterdam 2025, duke prezantuar inovacionet e saj m\u00eb t\u00eb fundit n\u00eb prodhimin e makaronave p\u00ebr partner\u00ebt e saj nd\u00ebrkomb\u00ebtar\u00eb\t\t\t\t<\/div>\n\t\t\t\t\t<\/div>\n\t\t\t\t<\/div>\n\t\t\t\t<\/div>\n\t\t\t\t<div data-elementor-type=\"loop-item\" data-elementor-id=\"948\" class=\"elementor elementor-948 e-loop-item e-loop-item-1721 post-1721 post type-post status-publish format-standard has-post-thumbnail hentry category-uncategorized\" data-elementor-post-type=\"elementor_library\" data-custom-edit-handle=\"1\">\n\t\t\t<div class=\"elementor-element elementor-element-3ba3e5e diamond-card e-flex e-con-boxed e-con e-parent\" data-id=\"3ba3e5e\" data-element_type=\"container\" data-e-type=\"container\">\n\t\t\t\t\t<div class=\"e-con-inner\">\n\t\t\t\t<div class=\"elementor-element elementor-element-4f0b577 image-cont elementor-widget elementor-widget-theme-post-featured-image elementor-widget-image\" data-id=\"4f0b577\" data-element_type=\"widget\" data-e-type=\"widget\" data-widget_type=\"theme-post-featured-image.default\">\n\t\t\t\t\t\t\t\t\t\t\t\t\t\t\t\t<a href=\"https:\/\/pastadiamond.com\/en\/diamond-pasta-fitues-i-superior-taste-award-2025\/\">\n\t\t\t\t\t\t\t<img decoding=\"async\" width=\"800\" height=\"800\" src=\"https:\/\/pastadiamond.com\/wp-content\/uploads\/2025\/09\/pasta-diamond-1-1-1024x1024.webp\" class=\"attachment-large size-large wp-image-1722\" alt=\"\" srcset=\"https:\/\/pastadiamond.com\/wp-content\/uploads\/2025\/09\/pasta-diamond-1-1-1024x1024.webp 1024w, https:\/\/pastadiamond.com\/wp-content\/uploads\/2025\/09\/pasta-diamond-1-1-300x300.webp 300w, https:\/\/pastadiamond.com\/wp-content\/uploads\/2025\/09\/pasta-diamond-1-1-150x150.webp 150w, https:\/\/pastadiamond.com\/wp-content\/uploads\/2025\/09\/pasta-diamond-1-1-768x768.webp 768w, https:\/\/pastadiamond.com\/wp-content\/uploads\/2025\/09\/pasta-diamond-1-1-12x12.webp 12w, https:\/\/pastadiamond.com\/wp-content\/uploads\/2025\/09\/pasta-diamond-1-1.webp 1080w\" sizes=\"(max-width: 800px) 100vw, 800px\" \/>\t\t\t\t\t\t\t\t<\/a>\n\t\t\t\t\t\t\t\t\t\t\t\t\t\t\t<\/div>\n\t\t\t\t<div class=\"elementor-element elementor-element-faaa0b0 elementor-widget elementor-widget-heading\" data-id=\"faaa0b0\" data-element_type=\"widget\" data-e-type=\"widget\" data-widget_type=\"heading.default\">\n\t\t\t\t\t<p class=\"elementor-heading-title elementor-size-default\">January 13, 2025<\/p>\t\t\t\t<\/div>\n\t\t\t\t<div class=\"elementor-element elementor-element-b42c054 elementor-widget elementor-widget-theme-post-title elementor-page-title elementor-widget-heading\" data-id=\"b42c054\" data-element_type=\"widget\" data-e-type=\"widget\" data-widget_type=\"theme-post-title.default\">\n\t\t\t\t\t<h1 class=\"elementor-heading-title elementor-size-default\"><a href=\"https:\/\/pastadiamond.com\/en\/diamond-pasta-fitues-i-superior-taste-award-2025\/\">Diamond Pasta \u2013 Fitues i Superior Taste Award 2025<\/a><\/h1>\t\t\t\t<\/div>\n\t\t\t\t<div class=\"elementor-element elementor-element-c6b23dc elementor-widget elementor-widget-theme-post-excerpt\" data-id=\"c6b23dc\" data-element_type=\"widget\" data-e-type=\"widget\" data-widget_type=\"theme-post-excerpt.default\">\n\t\t\t\t\tDiamond Pasta \u00ebsht\u00eb nderuar me Superior Taste Award 2025 p\u00ebr shijen, cil\u00ebsin\u00eb dhe p\u00ebrmbajtjen e lart\u00eb t\u00eb proteinave. Nj\u00eb njohje q\u00eb konfirmon p\u00ebrkushtimin e mark\u00ebs ndaj p\u00ebrsosm\u00ebris\u00eb dhe inovacionit.\t\t\t\t<\/div>\n\t\t\t\t\t<\/div>\n\t\t\t\t<\/div>\n\t\t\t\t<\/div>\n\t\t\t\t<div data-elementor-type=\"loop-item\" data-elementor-id=\"948\" class=\"elementor elementor-948 e-loop-item e-loop-item-957 post-957 post type-post status-publish format-standard has-post-thumbnail hentry category-uncategorized\" data-elementor-post-type=\"elementor_library\" data-custom-edit-handle=\"1\">\n\t\t\t<div class=\"elementor-element elementor-element-3ba3e5e diamond-card e-flex e-con-boxed e-con e-parent\" data-id=\"3ba3e5e\" data-element_type=\"container\" data-e-type=\"container\">\n\t\t\t\t\t<div class=\"e-con-inner\">\n\t\t\t\t<div class=\"elementor-element elementor-element-4f0b577 image-cont elementor-widget elementor-widget-theme-post-featured-image elementor-widget-image\" data-id=\"4f0b577\" data-element_type=\"widget\" data-e-type=\"widget\" data-widget_type=\"theme-post-featured-image.default\">\n\t\t\t\t\t\t\t\t\t\t\t\t\t\t\t\t<a href=\"https:\/\/pastadiamond.com\/en\/diamond-sjell-ne-shqiperi-miellin-azzurra\/\">\n\t\t\t\t\t\t\t<img loading=\"lazy\" decoding=\"async\" width=\"800\" height=\"800\" src=\"https:\/\/pastadiamond.com\/wp-content\/uploads\/2025\/09\/azzurra-1024x1024.webp\" class=\"attachment-large size-large wp-image-958\" alt=\"\" srcset=\"https:\/\/pastadiamond.com\/wp-content\/uploads\/2025\/09\/azzurra-1024x1024.webp 1024w, https:\/\/pastadiamond.com\/wp-content\/uploads\/2025\/09\/azzurra-300x300.webp 300w, https:\/\/pastadiamond.com\/wp-content\/uploads\/2025\/09\/azzurra-150x150.webp 150w, https:\/\/pastadiamond.com\/wp-content\/uploads\/2025\/09\/azzurra-768x768.webp 768w, https:\/\/pastadiamond.com\/wp-content\/uploads\/2025\/09\/azzurra-12x12.webp 12w, https:\/\/pastadiamond.com\/wp-content\/uploads\/2025\/09\/azzurra.webp 1080w\" sizes=\"(max-width: 800px) 100vw, 800px\" \/>\t\t\t\t\t\t\t\t<\/a>\n\t\t\t\t\t\t\t\t\t\t\t\t\t\t\t<\/div>\n\t\t\t\t<div class=\"elementor-element elementor-element-faaa0b0 elementor-widget elementor-widget-heading\" data-id=\"faaa0b0\" data-element_type=\"widget\" data-e-type=\"widget\" data-widget_type=\"heading.default\">\n\t\t\t\t\t<p class=\"elementor-heading-title elementor-size-default\">October 11, 2024<\/p>\t\t\t\t<\/div>\n\t\t\t\t<div class=\"elementor-element elementor-element-b42c054 elementor-widget elementor-widget-theme-post-title elementor-page-title elementor-widget-heading\" data-id=\"b42c054\" data-element_type=\"widget\" data-e-type=\"widget\" data-widget_type=\"theme-post-title.default\">\n\t\t\t\t\t<h1 class=\"elementor-heading-title elementor-size-default\"><a href=\"https:\/\/pastadiamond.com\/en\/diamond-sjell-ne-shqiperi-miellin-azzurra\/\">Diamond sjell n\u00eb Shqip\u00ebri Miellin &#8216;Azzurra&#8217;<\/a><\/h1>\t\t\t\t<\/div>\n\t\t\t\t<div class=\"elementor-element elementor-element-c6b23dc elementor-widget elementor-widget-theme-post-excerpt\" data-id=\"c6b23dc\" data-element_type=\"widget\" data-e-type=\"widget\" data-widget_type=\"theme-post-excerpt.default\">\n\t\t\t\t\tFabrika Diamond sjell Mielli Azzurra, miell i gjenerat\u00ebs s\u00eb re me embrion gruri t\u00eb pasuruar me zink, magnez, fibra dhe vitamina, q\u00eb garanton shije t\u00eb shk\u00eblqyer dhe p\u00ebrfitime sh\u00ebndet\u00ebsore.\t\t\t\t<\/div>\n\t\t\t\t\t<\/div>\n\t\t\t\t<\/div>\n\t\t\t\t<\/div>\n\t\t\t\t<\/div>\n\t\t\n\t\t\t\t\t\t<\/div>\n\t\t\t\t<\/div>\n\t\t\t\t\t<\/div>\n\t\t\t\t<\/div>\n\t\t\t\t<\/div>\n\t\t","protected":false},"excerpt":{"rendered":"<p>Kreu Lajme dhe Evente T\u00eb gjitha lajmet dhe eventet e Pasta Diamond. T\u00eb reja Lajme dhe Evente Diamond \u00ebsht\u00eb aktive n\u00eb shum\u00eb veprimtari dhe evente t\u00eb ndryshme komb\u00ebtare dhe nd\u00ebrkomb\u00ebtare. K\u00ebtu mund t\u00eb ndiqni aktivitetet tona m\u00eb t\u00eb fundit, dhe lajmet e tjera n\u00eb lidhje me kompanin\u00eb<\/p>","protected":false},"author":1,"featured_media":0,"parent":260,"menu_order":0,"comment_status":"closed","ping_status":"closed","template":"elementor_header_footer","meta":{"_acf_changed":false,"footnotes":""},"class_list":["post-962","page","type-page","status-publish","hentry"],"acf":[],"_links":{"self":[{"href":"https:\/\/pastadiamond.com\/en\/wp-json\/wp\/v2\/pages\/962","targetHints":{"allow":["GET"]}}],"collection":[{"href":"https:\/\/pastadiamond.com\/en\/wp-json\/wp\/v2\/pages"}],"about":[{"href":"https:\/\/pastadiamond.com\/en\/wp-json\/wp\/v2\/types\/page"}],"author":[{"embeddable":true,"href":"https:\/\/pastadiamond.com\/en\/wp-json\/wp\/v2\/users\/1"}],"replies":[{"embeddable":true,"href":"https:\/\/pastadiamond.com\/en\/wp-json\/wp\/v2\/comments?post=962"}],"version-history":[{"count":5,"href":"https:\/\/pastadiamond.com\/en\/wp-json\/wp\/v2\/pages\/962\/revisions"}],"predecessor-version":[{"id":1324,"href":"https:\/\/pastadiamond.com\/en\/wp-json\/wp\/v2\/pages\/962\/revisions\/1324"}],"up":[{"embeddable":true,"href":"https:\/\/pastadiamond.com\/en\/wp-json\/wp\/v2\/pages\/260"}],"wp:attachment":[{"href":"https:\/\/pastadiamond.com\/en\/wp-json\/wp\/v2\/media?parent=962"}],"curies":[{"name":"wp","href":"https:\/\/api.w.org\/{rel}","templated":true}]}}